{"id":248907,"date":"2024-03-15T08:10:53","date_gmt":"2024-03-15T07:10:53","guid":{"rendered":"https:\/\/fitbykate.nl\/kontakt\/"},"modified":"2026-02-09T15:55:17","modified_gmt":"2026-02-09T14:55:17","slug":"kontakt","status":"publish","type":"page","link":"https:\/\/fitbykate.nl\/pl\/kontakt\/","title":{"rendered":"Kontakt"},"content":{"rendered":"<p>[et_pb_section fb_built=&#8221;1&#8243; custom_padding_last_edited=&#8221;on|phone&#8221; _builder_version=&#8221;4.25.0&#8243; _module_preset=&#8221;default&#8221; background_enable_color=&#8221;off&#8221; use_background_color_gradient=&#8221;on&#8221; background_color_gradient_direction=&#8221;206deg&#8221; background_color_gradient_stops=&#8221;rgba(15,15,15,0.01) 4%|rgba(15,15,15,0.11) 99%&#8221; background_color_gradient_overlays_image=&#8221;on&#8221; background_image=&#8221;https:\/\/cdn.fitbykate.nl\/wp-content\/uploads\/2024\/04\/duo-groepstraining-personal-trainer-fitness-fitbykate.jpg&#8221; background_position=&#8221;bottom_center&#8221; background_enable_video_mp4=&#8221;off&#8221; background_enable_video_webm=&#8221;off&#8221; max_width=&#8221;2480px&#8221; module_alignment=&#8221;center&#8221; overflow-x=&#8221;hidden&#8221; overflow-y=&#8221;hidden&#8221; custom_margin=&#8221;||||false|false&#8221; custom_padding=&#8221;9em||4em||false|false&#8221; custom_padding_tablet=&#8221;9em||3em||false|false&#8221; custom_padding_phone=&#8221;8em||1.5em||false|false&#8221; background_last_edited=&#8221;on|phone&#8221; use_background_color_gradient_phone=&#8221;on&#8221; background_color_gradient_stops_phone=&#8221;rgba(15,15,15,0.61) 7%|rgba(15,15,15,0.59) 97%&#8221; background_image_phone=&#8221;https:\/\/cdn.fitbykate.nl\/wp-content\/uploads\/2024\/03\/deepwork-training-fitbykate-kasia-mecik.jpg&#8221; background_enable_image_phone=&#8221;on&#8221; background_position_phone=&#8221;top_center&#8221; custom_css_main_element=&#8221;width: 100%!important;&#8221; global_colors_info=&#8221;{}&#8221;][et_pb_row make_equal=&#8221;on&#8221; _builder_version=&#8221;4.24.3&#8243; _module_preset=&#8221;default&#8221; width=&#8221;85%&#8221; width_tablet=&#8221;90%&#8221; width_phone=&#8221;90%&#8221; width_last_edited=&#8221;on|phone&#8221; custom_css_main_element=&#8221;align-items: center;&#8221; global_colors_info=&#8221;{}&#8221;][et_pb_column type=&#8221;4_4&#8243; module_class=&#8221;btn-inline&#8221; _builder_version=&#8221;4.24.2&#8243; _module_preset=&#8221;default&#8221; global_colors_info=&#8221;{}&#8221;][et_pb_text _builder_version=&#8221;4.24.3&#8243; _module_preset=&#8221;default&#8221; header_text_color=&#8221;#FFFFFF&#8221; header_font_size=&#8221;92px&#8221; header_line_height=&#8221;1.1em&#8221; custom_margin=&#8221;||0px||false|false&#8221; custom_padding=&#8221;||||false|false&#8221; header_font_size_tablet=&#8221;9vw&#8221; header_font_size_phone=&#8221;11.5vw&#8221; header_font_size_last_edited=&#8221;on|phone&#8221; global_colors_info=&#8221;{}&#8221;]<\/p>\n<h1>KONTAKT<\/h1>\n<p>[\/et_pb_text][\/et_pb_column][\/et_pb_row][\/et_pb_section][et_pb_section fb_built=&#8221;1&#8243; custom_padding_last_edited=&#8221;on|phone&#8221; _builder_version=&#8221;4.24.3&#8243; _module_preset=&#8221;default&#8221; background_color=&#8221;#111111&#8243; overflow-x=&#8221;hidden&#8221; overflow-y=&#8221;hidden&#8221; custom_margin=&#8221;-20px||||false|false&#8221; custom_padding=&#8221;2em||10em||false|false&#8221; custom_padding_tablet=&#8221;1em||||false|false&#8221; custom_padding_phone=&#8221;0em||9em||false|false&#8221; border_radii=&#8221;off|14px|14px||&#8221; global_colors_info=&#8221;{}&#8221;][et_pb_row column_structure=&#8221;3_5,2_5&#8243; make_equal=&#8221;on&#8221; custom_padding_last_edited=&#8221;on|tablet&#8221; _builder_version=&#8221;4.24.3&#8243; _module_preset=&#8221;default&#8221; width=&#8221;85%&#8221; width_tablet=&#8221;&#8221; width_phone=&#8221;90%&#8221; width_last_edited=&#8221;on|phone&#8221; max_width=&#8221;1080px&#8221; custom_padding=&#8221;5em||4em||false|false&#8221; custom_padding_tablet=&#8221;3em||4em||false|false&#8221; custom_padding_phone=&#8221;3em||4em||false|false&#8221; locked=&#8221;off&#8221; global_colors_info=&#8221;{}&#8221; custom_css_main_element_last_edited=&#8221;off|phone&#8221; custom_css_main_element_phone=&#8221;display: flex;||flex-wrap: wrap;&#8221;][et_pb_column type=&#8221;3_5&#8243; _builder_version=&#8221;4.24.3&#8243; _module_preset=&#8221;default&#8221; global_colors_info=&#8221;{}&#8221; custom_css_main_element_last_edited=&#8221;off|phone&#8221; custom_css_main_element_phone=&#8221;order: 2!important;&#8221;][et_pb_text module_class=&#8221;check01&#8243; _builder_version=&#8221;4.24.3&#8243; _module_preset=&#8221;default&#8221; text_font=&#8221;|300|||||||&#8221; text_text_color=&#8221;#FFFFFF&#8221; ul_font=&#8221;|300|||||||&#8221; ul_text_color=&#8221;#FFFFFF&#8221; header_4_font=&#8221;Khand|900|||||||&#8221; header_4_text_color=&#8221;#FFFFFF&#8221; header_4_font_size=&#8221;34px&#8221; custom_margin=&#8221;||46px||false|false&#8221; custom_margin_tablet=&#8221;||16px||false|false&#8221; custom_margin_phone=&#8221;-68px||16px||false|false&#8221; custom_margin_last_edited=&#8221;off|desktop&#8221; custom_padding=&#8221;||||false|false&#8221; header_4_font_size_tablet=&#8221;34px&#8221; header_4_font_size_phone=&#8221;6vw&#8221; header_4_font_size_last_edited=&#8221;on|phone&#8221; global_colors_info=&#8221;{}&#8221;]<\/p>\n<h4>SKONTAKTUJ SI\u0118 Z KASI\u0104 M\u0118CIK<\/h4>\n<p>Masz pytanie dotycz\u0105ce szkolenia lub czegokolwiek innego? Wy\u015blij mi wiadomo\u015b\u0107 za przez formularz kontaktowy lub WhatsApp. Odpowiem tak szybko, jak to mo\u017cliwe!<\/p>\n<p>[\/et_pb_text][et_pb_code _builder_version=&#8221;4.24.3&#8243; _module_preset=&#8221;default&#8221; global_colors_info=&#8221;{}&#8221;]<div class=\"forminator-ui forminator-custom-form forminator-custom-form-248413 forminator-design--default  forminator_ajax\" data-forminator-render=\"0\" data-form=\"forminator-module-248413\" data-uid=\"69e625786517d\"><br\/><\/div><form\n\t\t\t\tid=\"forminator-module-248413\"\n\t\t\t\tclass=\"forminator-ui forminator-custom-form forminator-custom-form-248413 forminator-design--default  forminator_ajax\"\n\t\t\t\tmethod=\"post\"\n\t\t\t\tdata-forminator-render=\"0\"\n\t\t\t\tdata-form-id=\"248413\"\n\t\t\t\t data-color-option=\"default\" data-design=\"default\" data-grid=\"open\" style=\"display: none;\"\n\t\t\t\tdata-uid=\"69e625786517d\"\n\t\t\t><div role=\"alert\" aria-live=\"polite\" class=\"forminator-response-message forminator-error\" aria-hidden=\"true\"><\/div><div class=\"forminator-row\"><div id=\"name-1\" class=\"forminator-field-name forminator-col forminator-col-12 \"><div class=\"forminator-field\"><label for=\"forminator-field-name-1_69e625786517d\" id=\"forminator-field-name-1_69e625786517d-label\" class=\"forminator-label\">Naam<\/label><input type=\"text\" name=\"name-1\" value=\"\" placeholder=\"\" id=\"forminator-field-name-1_69e625786517d\" class=\"forminator-input forminator-name--field\" aria-required=\"false\" autocomplete=\"name\" \/><\/div><\/div><\/div><div class=\"forminator-row\"><div id=\"email-1\" class=\"forminator-field-email forminator-col forminator-col-6 \"><div class=\"forminator-field\"><label for=\"forminator-field-email-1_69e625786517d\" id=\"forminator-field-email-1_69e625786517d-label\" class=\"forminator-label\">E-mailadres<\/label><input type=\"email\" name=\"email-1\" value=\"\" placeholder=\"\" id=\"forminator-field-email-1_69e625786517d\" class=\"forminator-input forminator-email--field\" data-required=\"\" aria-required=\"false\" autocomplete=\"email\" \/><\/div><\/div><div id=\"text-1\" class=\"forminator-field-text forminator-col forminator-col-6 \"><div class=\"forminator-field\"><label for=\"forminator-field-text-1_69e625786517d\" id=\"forminator-field-text-1_69e625786517d-label\" class=\"forminator-label\">Telefoonnummer<\/label><input type=\"text\" name=\"text-1\" value=\"\" placeholder=\"\" id=\"forminator-field-text-1_69e625786517d\" class=\"forminator-input forminator-name--field\" data-required=\"\" \/><\/div><\/div><\/div><div class=\"forminator-row\"><div id=\"textarea-1\" class=\"forminator-field-textarea forminator-col forminator-col-12 \"><div class=\"forminator-field\"><label for=\"forminator-field-textarea-1_69e625786517d\" id=\"forminator-field-textarea-1_69e625786517d-label\" class=\"forminator-label\">Je bericht<\/label><textarea name=\"textarea-1\" placeholder=\"Schrijf hier je vraag...\" id=\"forminator-field-textarea-1_69e625786517d\" class=\"forminator-textarea\" rows=\"6\" style=\"min-height:140px;\" ><\/textarea><\/div><\/div><\/div><div class=\"forminator-row\"><div id=\"captcha-1\" class=\"forminator-field-captcha forminator-col forminator-col-12 \"><div class=\"forminator-captcha-left forminator-g-recaptcha\" data-theme=\"dark\"  data-sitekey=\"6LdFFuAqAAAAAId_RW-NRTpJ6Wd4mOOzzDFnUGOC\" data-size=\"normal\"><\/div> <\/div><\/div><input type=\"hidden\" name=\"referer_url\" value=\"\" \/><div class=\"forminator-row forminator-row-last\"><div class=\"forminator-col\"><div class=\"forminator-field\"><button class=\"forminator-button forminator-button-submit\">VERSTUUR BERICHT<\/button><\/div><\/div><\/div><input type=\"hidden\" id=\"forminator_nonce\" name=\"forminator_nonce\" value=\"ed7b0e5709\" \/><input type=\"hidden\" name=\"_wp_http_referer\" value=\"\/pl\/wp-json\/wp\/v2\/pages\/248907\" \/><input type=\"hidden\" name=\"form_id\" value=\"248413\"><input type=\"hidden\" name=\"page_id\" value=\"248907\"><input type=\"hidden\" name=\"form_type\" value=\"default\"><input type=\"hidden\" name=\"current_url\" value=\"https:\/\/fitbykate.nl\/pl\/kontakt\/\"><input type=\"hidden\" name=\"render_id\" value=\"0\"><input type=\"hidden\" name=\"action\" value=\"forminator_submit_form_custom-forms\"><label for=\"input_5\" class=\"forminator-hidden\" aria-hidden=\"true\">Prosz\u0119 nie wype\u0142nia\u0107 tego pola. <input id=\"input_5\" type=\"text\" name=\"input_5\" value=\"\" autocomplete=\"off\"><\/label><\/form>[\/et_pb_code][\/et_pb_column][et_pb_column type=&#8221;2_5&#8243; _builder_version=&#8221;4.24.3&#8243; _module_preset=&#8221;default&#8221; global_colors_info=&#8221;{}&#8221; custom_css_main_element_last_edited=&#8221;off|phone&#8221; custom_css_main_element_phone=&#8221;order:1!important;&#8221;][et_pb_text module_class=&#8221;check01&#8243; _builder_version=&#8221;4.27.5&#8243; _module_preset=&#8221;default&#8221; text_font=&#8221;|300|||||||&#8221; text_text_color=&#8221;#FFFFFF&#8221; link_text_color=&#8221;#FFFFFF&#8221; ul_font=&#8221;|300|||||||&#8221; ul_text_color=&#8221;#FFFFFF&#8221; header_4_font=&#8221;Khand|900|||||||&#8221; header_4_text_color=&#8221;#FFFFFF&#8221; header_4_font_size=&#8221;34px&#8221; custom_margin=&#8221;||38px||false|false&#8221; custom_margin_tablet=&#8221;||16px||false|false&#8221; custom_margin_phone=&#8221;-68px||16px||false|false&#8221; custom_margin_last_edited=&#8221;off|desktop&#8221; custom_padding=&#8221;||||false|false&#8221; hover_enabled=&#8221;0&#8243; header_4_font_size_tablet=&#8221;34px&#8221; header_4_font_size_phone=&#8221;9vw&#8221; header_4_font_size_last_edited=&#8221;on|phone&#8221; global_colors_info=&#8221;{}&#8221; sticky_enabled=&#8221;0&#8243;]<\/p>\n<p><strong>FitbyKate<\/strong><br \/><a href=\"mailto:info@fitbykate.nl\">info@fitbykate.nl<\/a><br \/>+31 6 49 73 35 64<\/p>\n<p>Voorofscheweg 15 R<br \/>2771 MA, Boskoop<\/p>\n<p><strong>KVK:<\/strong> 93482221<br \/><strong>BTW: <\/strong>NL005021889B28<br \/><strong>IBAN:<\/strong> NL98 INGB 0105 0823 33<\/p>\n<p>[\/et_pb_text][et_pb_button button_url=&#8221;https:\/\/wa.me\/31649733564&#8243; button_text=&#8221;KONTAKT WHATSAPP&#8221; button_alignment=&#8221;left&#8221; _builder_version=&#8221;4.24.3&#8243; _module_preset=&#8221;default&#8221; custom_button=&#8221;on&#8221; button_bg_color=&#8221;#253826&#8243; button_border_width=&#8221;1px&#8221; button_border_color=&#8221;#027a14&#8243; button_font=&#8221;||||||||&#8221; button_use_icon=&#8221;on&#8221; custom_margin=&#8221;||||false|true&#8221; custom_margin_tablet=&#8221;|8px||8px|false|true&#8221; custom_margin_phone=&#8221;20px|8px||8px|false|true&#8221; custom_margin_last_edited=&#8221;off|desktop&#8221; custom_padding=&#8221;8px|72px|7px|42px|false|false&#8221; custom_css_main_element=&#8221;display:inline-block;&#8221; custom_css_after=&#8221;content: url(&#8217;\/wp-content\/uploads\/2024\/03\/whatsapp-ico.svg&#8217;)!important;||width: 24px;||  height: 24px;||position: absolute;||display: block;||top: 9px;||right: 34px;&#8221; global_colors_info=&#8221;{}&#8221; button_border_color__hover_enabled=&#8221;off|desktop&#8221; button_text_color__hover_enabled=&#8221;on|hover&#8221; button_text_color__hover=&#8221;#e8efe9&#8243; button_border_color__hover=&#8221;rgba(9,183,38,0.21)&#8221; button_bg_color__hover=&#8221;#204729&#8243;][\/et_pb_button][et_pb_text ul_type=&#8221;none&#8221; ul_item_indent=&#8221;0.1px&#8221; module_class=&#8221;tijden&#8221; _builder_version=&#8221;4.24.3&#8243; _module_preset=&#8221;default&#8221; text_text_color=&#8221;#e5e5e5&#8243; background_color=&#8221;#28282A&#8221; max_width=&#8221;460px&#8221; custom_padding=&#8221;28px|38px|20px|38px|false|true&#8221; custom_padding_tablet=&#8221;28px|38px|20px|38px|false|true&#8221; custom_padding_phone=&#8221;|24px||24px|false|true&#8221; custom_padding_last_edited=&#8221;on|phone&#8221; border_radii=&#8221;on|10px|10px|10px|10px&#8221; global_colors_info=&#8221;{}&#8221;]<\/p>\n<ul>\n<li><span>Poniedzia\u0142ek<\/span><span class=\"time\">08:30 &#8211; 21:00<\/span><\/li>\n<li><span>Wtorek<\/span><span class=\"time\">08:30 &#8211; 21:00<\/span><\/li>\n<li><span>\u015aroda<\/span><span class=\"time\">08:30 &#8211; 21:00<\/span><\/li>\n<li><span>Czwartek<\/span><span class=\"time\">08:30 &#8211; 21:00<\/span><\/li>\n<li><span>Pi\u0105tek<\/span><span class=\"time\">08:30 &#8211; 21:00<\/span><\/li>\n<li><span>Sobota<\/span><span class=\"time\">09:00 &#8211; 18:00<\/span><\/li>\n<li><span>Niedziela<\/span><span class=\"time\">09:00 &#8211; 18:00<\/span><\/li>\n<\/ul>\n<p>[\/et_pb_text][\/et_pb_column][\/et_pb_row][\/et_pb_section]<\/p>\n","protected":false},"excerpt":{"rendered":"<p>KONTAKTSKONTAKTUJ SI\u0118 Z KASI\u0104 M\u0118CIK Masz pytanie dotycz\u0105ce szkolenia lub czegokolwiek innego? Wy\u015blij mi wiadomo\u015b\u0107 za przez formularz kontaktowy lub WhatsApp. Odpowiem tak szybko, jak to mo\u017cliwe!<div class=\"forminator-ui forminator-custom-form forminator-custom-form-248413 forminator-design--default  forminator_ajax\" data-forminator-render=\"1\" data-form=\"forminator-module-248413\" data-uid=\"69e62578a19a7\"><br\/><\/div><form\n\t\t\t\tid=\"forminator-module-248413\"\n\t\t\t\tclass=\"forminator-ui forminator-custom-form forminator-custom-form-248413 forminator-design--default  forminator_ajax\"\n\t\t\t\tmethod=\"post\"\n\t\t\t\tdata-forminator-render=\"1\"\n\t\t\t\tdata-form-id=\"248413\"\n\t\t\t\t data-color-option=\"default\" data-design=\"default\" data-grid=\"open\" style=\"display: none;\"\n\t\t\t\tdata-uid=\"69e62578a19a7\"\n\t\t\t><div role=\"alert\" aria-live=\"polite\" class=\"forminator-response-message forminator-error\" aria-hidden=\"true\"><\/div><div class=\"forminator-row\"><div id=\"name-1\" class=\"forminator-field-name forminator-col forminator-col-12 \"><div class=\"forminator-field\"><label for=\"forminator-field-name-1_69e62578a19a7\" id=\"forminator-field-name-1_69e62578a19a7-label\" class=\"forminator-label\">Naam<\/label><input type=\"text\" name=\"name-1\" value=\"\" placeholder=\"\" id=\"forminator-field-name-1_69e62578a19a7\" class=\"forminator-input forminator-name--field\" aria-required=\"false\" autocomplete=\"name\" \/><\/div><\/div><\/div><div class=\"forminator-row\"><div id=\"email-1\" class=\"forminator-field-email forminator-col forminator-col-6 \"><div class=\"forminator-field\"><label for=\"forminator-field-email-1_69e62578a19a7\" id=\"forminator-field-email-1_69e62578a19a7-label\" class=\"forminator-label\">E-mailadres<\/label><input type=\"email\" name=\"email-1\" value=\"\" placeholder=\"\" id=\"forminator-field-email-1_69e62578a19a7\" class=\"forminator-input forminator-email--field\" data-required=\"\" aria-required=\"false\" autocomplete=\"email\" \/><\/div><\/div><div id=\"text-1\" class=\"forminator-field-text forminator-col forminator-col-6 \"><div class=\"forminator-field\"><label for=\"forminator-field-text-1_69e62578a19a7\" id=\"forminator-field-text-1_69e62578a19a7-label\" class=\"forminator-label\">Telefoonnummer<\/label><input type=\"text\" name=\"text-1\" value=\"\" placeholder=\"\" id=\"forminator-field-text-1_69e62578a19a7\" class=\"forminator-input forminator-name--field\" data-required=\"\" \/><\/div><\/div><\/div><div class=\"forminator-row\"><div id=\"textarea-1\" class=\"forminator-field-textarea forminator-col forminator-col-12 \"><div class=\"forminator-field\"><label for=\"forminator-field-textarea-1_69e62578a19a7\" id=\"forminator-field-textarea-1_69e62578a19a7-label\" class=\"forminator-label\">Je bericht<\/label><textarea name=\"textarea-1\" placeholder=\"Schrijf hier je vraag...\" id=\"forminator-field-textarea-1_69e62578a19a7\" class=\"forminator-textarea\" rows=\"6\" style=\"min-height:140px;\" ><\/textarea><\/div><\/div><\/div><div class=\"forminator-row\"><div id=\"captcha-1\" class=\"forminator-field-captcha forminator-col forminator-col-12 \"><div class=\"forminator-captcha-left forminator-g-recaptcha\" data-theme=\"dark\"  data-sitekey=\"6LdFFuAqAAAAAId_RW-NRTpJ6Wd4mOOzzDFnUGOC\" data-size=\"normal\"><\/div> <\/div><\/div><input type=\"hidden\" name=\"referer_url\" value=\"\" \/><div class=\"forminator-row forminator-row-last\"><div class=\"forminator-col\"><div class=\"forminator-field\"><button class=\"forminator-button forminator-button-submit\">VERSTUUR BERICHT<\/button><\/div><\/div><\/div><input type=\"hidden\" id=\"forminator_nonce\" name=\"forminator_nonce\" value=\"ed7b0e5709\" \/><input type=\"hidden\" name=\"_wp_http_referer\" value=\"\/pl\/wp-json\/wp\/v2\/pages\/248907\" \/><input type=\"hidden\" name=\"form_id\" value=\"248413\"><input type=\"hidden\" name=\"page_id\" value=\"248907\"><input type=\"hidden\" name=\"form_type\" value=\"default\"><input type=\"hidden\" name=\"current_url\" value=\"https:\/\/fitbykate.nl\/pl\/kontakt\/\"><input type=\"hidden\" name=\"render_id\" value=\"1\"><input type=\"hidden\" name=\"action\" value=\"forminator_submit_form_custom-forms\"><label for=\"input_5\" class=\"forminator-hidden\" aria-hidden=\"true\">Prosz\u0119 nie wype\u0142nia\u0107 tego pola. <input id=\"input_5\" type=\"text\" name=\"input_5\" value=\"\" autocomplete=\"off\"><\/label><label for=\"input_5\" class=\"forminator-hidden\" aria-hidden=\"true\">Prosz\u0119 nie wype\u0142nia\u0107 tego pola. <input id=\"input_5\" type=\"text\" name=\"input_5\" value=\"\" autocomplete=\"off\"><\/label><\/form>FitbyKateinfo@fitbykate.nl+31 6 49 73 35 64 Voorofscheweg 15 R2771 MA, Boskoop KVK: 93482221BTW: NL005021889B28IBAN: NL98 INGB 0105 0823 33 Poniedzia\u0142ek08:30 &#8211; 21:00 Wtorek08:30 &#8211; 21:00 \u015aroda08:30 &#8211; 21:00 [&hellip;]<\/p>\n","protected":false},"author":1,"featured_media":0,"parent":0,"menu_order":0,"comment_status":"closed","ping_status":"closed","template":"","meta":{"_et_pb_use_builder":"on","_et_pb_old_content":"","_et_gb_content_width":"","footnotes":""},"dipi_cpt_category":[],"class_list":["post-248907","page","type-page","status-publish","hentry"],"_links":{"self":[{"href":"https:\/\/fitbykate.nl\/pl\/wp-json\/wp\/v2\/pages\/248907","targetHints":{"allow":["GET"]}}],"collection":[{"href":"https:\/\/fitbykate.nl\/pl\/wp-json\/wp\/v2\/pages"}],"about":[{"href":"https:\/\/fitbykate.nl\/pl\/wp-json\/wp\/v2\/types\/page"}],"author":[{"embeddable":true,"href":"https:\/\/fitbykate.nl\/pl\/wp-json\/wp\/v2\/users\/1"}],"replies":[{"embeddable":true,"href":"https:\/\/fitbykate.nl\/pl\/wp-json\/wp\/v2\/comments?post=248907"}],"version-history":[{"count":7,"href":"https:\/\/fitbykate.nl\/pl\/wp-json\/wp\/v2\/pages\/248907\/revisions"}],"predecessor-version":[{"id":249326,"href":"https:\/\/fitbykate.nl\/pl\/wp-json\/wp\/v2\/pages\/248907\/revisions\/249326"}],"wp:attachment":[{"href":"https:\/\/fitbykate.nl\/pl\/wp-json\/wp\/v2\/media?parent=248907"}],"wp:term":[{"taxonomy":"dipi_cpt_category","embeddable":true,"href":"https:\/\/fitbykate.nl\/pl\/wp-json\/wp\/v2\/dipi_cpt_category?post=248907"}],"curies":[{"name":"wp","href":"https:\/\/api.w.org\/{rel}","templated":true}]}}