{"id":248904,"date":"2024-03-15T08:11:26","date_gmt":"2024-03-15T07:11:26","guid":{"rendered":"https:\/\/fitbykate.nl\/o-mnie\/"},"modified":"2026-02-09T15:49:05","modified_gmt":"2026-02-09T14:49:05","slug":"o-mnie","status":"publish","type":"page","link":"https:\/\/fitbykate.nl\/pl\/o-mnie\/","title":{"rendered":"O mnie"},"content":{"rendered":"<p>[et_pb_section fb_built=&#8221;1&#8243; _builder_version=&#8221;4.24.3&#8243; _module_preset=&#8221;default&#8221; overflow-x=&#8221;hidden&#8221; overflow-y=&#8221;hidden&#8221; custom_padding=&#8221;10em||6em||false|false&#8221; locked=&#8221;off&#8221; global_colors_info=&#8221;{}&#8221;][et_pb_row column_structure=&#8221;3_5,2_5&#8243; use_custom_gutter=&#8221;on&#8221; make_equal=&#8221;on&#8221; custom_padding_last_edited=&#8221;on|phone&#8221; _builder_version=&#8221;4.24.3&#8243; _module_preset=&#8221;default&#8221; width_tablet=&#8221;&#8221; width_phone=&#8221;90%&#8221; width_last_edited=&#8221;on|phone&#8221; max_width=&#8221;980px&#8221; custom_padding=&#8221;3em||8em||false|false&#8221; custom_padding_tablet=&#8221;2em||2em||true|false&#8221; custom_padding_phone=&#8221;0em||2em||false|false&#8221; custom_css_main_element=&#8221;align-items: center;&#8221; global_colors_info=&#8221;{}&#8221;][et_pb_column type=&#8221;3_5&#8243; _builder_version=&#8221;4.24.2&#8243; _module_preset=&#8221;default&#8221; global_colors_info=&#8221;{}&#8221;][et_pb_text _builder_version=&#8221;4.25.0&#8243; _module_preset=&#8221;default&#8221; text_font=&#8221;|300|||||||&#8221; text_text_color=&#8221;#FFFFFF&#8221; header_text_color=&#8221;#FFFFFF&#8221; header_font_size=&#8221;92px&#8221; header_line_height=&#8221;1.1em&#8221; header_3_font=&#8221;|700|||||||&#8221; header_3_text_align=&#8221;right&#8221; header_3_font_size=&#8221;56px&#8221; header_4_font=&#8221;|700|||||||&#8221; header_4_text_color=&#8221;#FFFFFF&#8221; header_4_font_size=&#8221;56px&#8221; custom_margin=&#8221;||32px||false|false&#8221; custom_margin_tablet=&#8221;28px||12px||false|false&#8221; custom_margin_phone=&#8221;28px||12px||false|false&#8221; custom_margin_last_edited=&#8221;off|desktop&#8221; custom_padding=&#8221;||||false|false&#8221; header_font_size_tablet=&#8221;12vw&#8221; header_font_size_phone=&#8221;14.5vw&#8221; header_font_size_last_edited=&#8221;on|phone&#8221; header_4_font_size_tablet=&#8221;56px&#8221; header_4_font_size_phone=&#8221;12vw&#8221; header_4_font_size_last_edited=&#8221;on|phone&#8221; global_colors_info=&#8221;{}&#8221;]<\/p>\n<h4>NAZYWAM SI\u0118<br \/><span style=\"color: #107bff;\">KASIA M\u0118CIK<\/span><\/h4>\n<p>Jestem trenerem personalnym i medycznym, instruktorem fitness oraz mi\u0119dzynarodowym instruktorem BODYART &amp; DEEPWORK. Moj\u0105 pasj\u0105 jest praca z lud\u017ami, kocham pomaga\u0107 ludziom osi\u0105ga\u0107 ich cele.<\/p>\n<p>Z wykszta\u0142cenia jestem r\u00f3wnie\u017c farmaceut\u0105, co przyczyni\u0142o si\u0119 do mojej pasji do odkrywania zdrowego stylu \u017cycia i rozs\u0105dnego od\u017cywiania.<\/p>\n<p>Moje motto: \u201eW Zdrowym Ciele Zdrowy Duch\u201d.<br \/>Zapraszam do kontaktu, by\u0107 mo\u017ce rozmowa ze mn\u0105 b\u0119dzie pierwszym krokiem do dobrych zmian w Twoim \u017cyciu.<\/p>\n<p>Do zobaczenia na macie!<\/p>\n<p>[\/et_pb_text][et_pb_button button_url=&#8221;@ET-DC@eyJkeW5hbWljIjp0cnVlLCJjb250ZW50IjoicG9zdF9saW5rX3VybF9wYWdlIiwic2V0dGluZ3MiOnsicG9zdF9pZCI6IjEyNjUiLCJlbmFibGVfaHRtbCI6Im9mZiJ9fQ==@&#8221; button_text=&#8221;ZAPLANUJ TRENING&#8221; button_alignment=&#8221;left&#8221; button_text_tablet=&#8221;ZAPLANUJ TRENING&#8221; button_text_phone=&#8221;PLANUJ&#8221; button_text_last_edited=&#8221;off|desktop&#8221; _builder_version=&#8221;4.24.3&#8243; _dynamic_attributes=&#8221;button_url&#8221; _module_preset=&#8221;default&#8221; custom_button=&#8221;on&#8221; button_bg_color=&#8221;rgba(16,123,255,0.17)&#8221; button_border_color=&#8221;#107BFF&#8221; button_use_icon=&#8221;on&#8221; button_icon_color=&#8221;RGBA(255,255,255,0)&#8221; custom_margin_tablet=&#8221;||4em||false|false&#8221; custom_margin_phone=&#8221;||3em||false|false&#8221; custom_margin_last_edited=&#8221;on|phone&#8221; custom_padding=&#8221;7px|32px|6px|48px|false|false&#8221; custom_padding_tablet=&#8221;7px|32px|6px|48px|false|false&#8221; custom_padding_phone=&#8221;7px|24px|6px|42px|false|false&#8221; custom_padding_last_edited=&#8221;on|phone&#8221; custom_css_before=&#8221;opacity: 1!important;||visibility: visible!important;||display: block!important;||width: 9px;||height: 9px;||content: %22%22;||border-radius: 50%;||background: #57cb34;||position: absolute;||left: 56px;||top: 15.7px;||box-shadow: 0 0 0 rgba(93,204,45,0.4);||  animation: pulse1 2s infinite;&#8221; locked=&#8221;off&#8221; global_colors_info=&#8221;{}&#8221; button_bg_color__hover=&#8221;rgba(16,123,255,0.41)&#8221; custom_css_before_last_edited=&#8221;on|phone&#8221; custom_css_before_phone=&#8221;opacity: 1!important;||visibility: visible!important;||display: block!important;||width: 9px;||height: 9px;||content: %22%22;||border-radius: 50%;||background: #57cb34;||position: absolute;||left: 50px;||top: 15.7px;||box-shadow: 0 0 0 rgba(93,204,45,0.4);||  animation: pulse1 2s infinite;&#8221; custom_css_before_tablet=&#8221;opacity: 1!important;||visibility: visible!important;||display: block!important;||width: 9px;||height: 9px;||content: %22%22;||border-radius: 50%;||background: #57cb34;||position: absolute;||left: 56px;||top: 15.7px;||box-shadow: 0 0 0 rgba(93,204,45,0.4);||  animation: pulse1 2s infinite;&#8221;][\/et_pb_button][\/et_pb_column][et_pb_column type=&#8221;2_5&#8243; _builder_version=&#8221;4.24.3&#8243; _module_preset=&#8221;default&#8221; background_enable_color=&#8221;off&#8221; custom_padding=&#8221;||||true|true&#8221; border_radii=&#8221;on|10px|10px|10px|10px&#8221; border_width_all=&#8221;1px&#8221; global_colors_info=&#8221;{}&#8221;][et_pb_image src=&#8221;https:\/\/cdn.fitbykate.nl\/wp-content\/uploads\/2024\/04\/Katarzyna-Mecik-Fitbykate-Deepwork-bodyart-instructor.jpg&#8221; alt=&#8221;Katarzyna Mecik instruktor DEEPWORK &amp; BODYART&#8221; title_text=&#8221;KatarzynaMecik-instruktorfitbykate-deepwork-bodyart&#8221; _builder_version=&#8221;4.24.3&#8243; _module_preset=&#8221;default&#8221; custom_margin_tablet=&#8221;||||false|false&#8221; custom_margin_last_edited=&#8221;off|tablet&#8221; border_radii=&#8221;on|6px|6px|6px|6px&#8221; global_colors_info=&#8221;{}&#8221;][\/et_pb_image][et_pb_text ul_type=&#8221;none&#8221; _builder_version=&#8221;4.24.3&#8243; _module_preset=&#8221;default&#8221; text_text_color=&#8221;#a8a8a8&#8243; text_line_height=&#8221;1.5em&#8221; ul_font=&#8221;||||||||&#8221; ul_text_color=&#8221;#e5e5e5&#8243; ol_text_color=&#8221;#FFFFFF&#8221; header_4_text_color=&#8221;#FFFFFF&#8221; header_4_font_size=&#8221;32px&#8221; custom_margin=&#8221;22px|22px|8px|22px|false|true&#8221; custom_css_main_element=&#8221;FONT-WEIGHT: 500;&#8221; global_colors_info=&#8221;{}&#8221;]<\/p>\n<h4 style=\"margin-bottom: -12px;\">Katarzyna M\u0119cik<\/h4>\n<p><span style=\"  font-weight: 400;\">Certyfikowany instruktor BODYART i DEEPWORK<\/span><\/p>\n<ul>\n<li style=\"margin-bottom: 4px; margin-top: 20px;\"><img decoding=\"async\" src=\"https:\/\/cdn.fitbykate.nl\/wp-content\/uploads\/2024\/04\/BA_Int_Instructor.svg\" width=\"34\" height=\"34\" alt=\"\" class=\"wp-image-1055 alignnone size-medium\" style=\"vertical-align: middle; margin-left: auto; margin-right: 10px;\">BODYART Basic<\/li>\n<li style=\"margin-bottom: 4px;\"><img decoding=\"async\" src=\"https:\/\/cdn.fitbykate.nl\/wp-content\/uploads\/2024\/04\/BA_Medical_Recovery.svg\" width=\"34\" height=\"34\" alt=\"\" class=\"wp-image-1055 alignnone size-medium\" style=\"vertical-align: middle; margin-left: auto; margin-right: 10px;\">BODYART Medical and Recovery<\/li>\n<li style=\"margin-bottom: 4px;\"><img decoding=\"async\" src=\"https:\/\/cdn.fitbykate.nl\/wp-content\/uploads\/2024\/04\/HA-Icon-Mobility.svg\" width=\"34\" height=\"34\" alt=\"\" class=\"wp-image-1055 alignnone size-medium\" style=\"vertical-align: middle; margin-left: auto; margin-right: 10px;\">MOBILITY Training<\/li>\n<li style=\"margin-bottom: 4px;\"><img decoding=\"async\" src=\"https:\/\/cdn.fitbykate.nl\/wp-content\/uploads\/2024\/04\/DW-Basic.svg\" width=\"34\" height=\"34\" alt=\"\" class=\"wp-image-1055 alignnone size-medium\" style=\"vertical-align: middle; margin-left: auto; margin-right: 10px;\">DEEPWORK Basic<\/li>\n<li style=\"margin-bottom: 4px;\"><img decoding=\"async\" src=\"https:\/\/cdn.fitbykate.nl\/wp-content\/uploads\/2024\/04\/DW-Reloaded.svg\" width=\"34\" height=\"34\" alt=\"\" class=\"wp-image-1055 alignnone size-medium\" style=\"vertical-align: middle; margin-left: auto; margin-right: 10px;\">DEEPWORK Reloaded<\/li>\n<li style=\"margin-bottom: 4px;\"><img decoding=\"async\" src=\"https:\/\/cdn.fitbykate.nl\/wp-content\/uploads\/2024\/04\/BA_Old_Modules.svg\" width=\"34\" height=\"34\" alt=\"\" class=\"wp-image-1055 alignnone size-medium\" style=\"vertical-align: middle; margin-left: auto; margin-right: 10px;\">BODYART Masters &#8211; New Exercises<\/li>\n<\/ul>\n<p>[\/et_pb_text][\/et_pb_column][\/et_pb_row][et_pb_row _builder_version=&#8221;4.25.0&#8243; _module_preset=&#8221;default&#8221; width=&#8221;90%&#8221; width_tablet=&#8221;100%&#8221; width_phone=&#8221;100%&#8221; width_last_edited=&#8221;on|phone&#8221; custom_padding=&#8221;0px||0em||false|false&#8221; global_colors_info=&#8221;{}&#8221; locked=&#8221;off&#8221;][et_pb_column type=&#8221;4_4&#8243; _builder_version=&#8221;4.24.2&#8243; _module_preset=&#8221;default&#8221; global_colors_info=&#8221;{}&#8221;][dipi_testimonial use_hide_img=&#8221;on&#8221; use_hide_company=&#8221;on&#8221; use_hide_company_link=&#8221;on&#8221; review_length=&#8221;28&#8243; readmore_text=&#8221;Czytaj wi\u0119cej&#8230;&#8221; use_show_popup_image=&#8221;off&#8221; use_show_popup_company=&#8221;off&#8221; rating_color=&#8221;#e8b34a&#8221; empty_rating_color=&#8221;#e8d0a2&#8243; columns=&#8221;3&#8243; space_between=&#8221;90&#8243; loop=&#8221;on&#8221; autoplay=&#8221;on&#8221; autoplay_speed=&#8221;2500&#8243; centered=&#8221;on&#8221; popup_color=&#8221;#111111&#8243; close_icon_bg_color=&#8221;#107BFF&#8221; columns_tablet=&#8221;1.6&#8243; columns_phone=&#8221;1&#8243; columns_last_edited=&#8221;on|phone&#8221; _builder_version=&#8221;4.25.0&#8243; _module_preset=&#8221;default&#8221; testimonial_name_text_color=&#8221;#FFFFFF&#8221; testimonial_text_font=&#8221;|300|||||||&#8221; testimonial_text_text_color=&#8221;#e8e8e8&#8243; readmore_font=&#8221;||||on|||#6d6d6d|&#8221; readmore_text_color=&#8221;#8c8c8c&#8221; review_popup_name_font=&#8221;||||||||&#8221; review_popup_name_text_color=&#8221;#FFFFFF&#8221; review_popup_name_font_size=&#8221;15px&#8221; review_popup_text_font=&#8221;|300|||||||&#8221; review_popup_text_text_color=&#8221;#FFFFFF&#8221; hover_enabled=&#8221;0&#8243; custom_css_before=&#8221;background: linear-gradient(90deg, #111111 5%, rgba(25,25,25,0) 75%);||content: %22%22;||width: 20%;||height: 100%;||z-index: 999;||position: absolute;||left: 0;||top: 0;&#8221; custom_css_after=&#8221;background: linear-gradient(270deg, #111111 5%, rgba(25,25,25,0) 75%);||content: %22%22;||width: 20%;||height: 100%;||z-index: 999;||position: absolute;||right: 0;||top: 0;&#8221; custom_css_free_form=&#8221;.dipi-testimonial-item::before {content: %22\u201c%22; color: #353535; font-size: 388px; position: absolute; top: 120px; right: 0; z-index: -1;}&#8221; global_module=&#8221;249047&#8243; saved_tabs=&#8221;all&#8221; locked=&#8221;off&#8221; global_colors_info=&#8221;{}&#8221; total_testimonial=&#8221;15&#8243; sticky_enabled=&#8221;0&#8243; pause_on_hover=&#8221;off&#8221;][\/dipi_testimonial][\/et_pb_column][\/et_pb_row][et_pb_row _builder_version=&#8221;4.25.0&#8243; _module_preset=&#8221;default&#8221; width=&#8221;90%&#8221; width_tablet=&#8221;100%&#8221; width_phone=&#8221;100%&#8221; width_last_edited=&#8221;on|phone&#8221; custom_padding=&#8221;0px||0em||false|false&#8221; global_colors_info=&#8221;{}&#8221; locked=&#8221;off&#8221;][et_pb_column type=&#8221;4_4&#8243; _builder_version=&#8221;4.24.2&#8243; _module_preset=&#8221;default&#8221; global_colors_info=&#8221;{}&#8221;][dipi_testimonial use_hide_img=&#8221;on&#8221; use_hide_company=&#8221;on&#8221; use_hide_company_link=&#8221;on&#8221; review_length=&#8221;28&#8243; readmore_text=&#8221;Czytaj wi\u0119cej&#8230;&#8221; use_show_popup_image=&#8221;off&#8221; use_show_popup_company=&#8221;off&#8221; rating_color=&#8221;#e8b34a&#8221; empty_rating_color=&#8221;#e8d0a2&#8243; columns=&#8221;3&#8243; space_between=&#8221;90&#8243; loop=&#8221;on&#8221; autoplay=&#8221;on&#8221; autoplay_speed=&#8221;2500&#8243; centered=&#8221;on&#8221; popup_color=&#8221;#111111&#8243; close_icon_bg_color=&#8221;#107BFF&#8221; columns_tablet=&#8221;1.6&#8243; columns_phone=&#8221;1&#8243; columns_last_edited=&#8221;on|phone&#8221; _builder_version=&#8221;4.25.0&#8243; _module_preset=&#8221;default&#8221; testimonial_name_text_color=&#8221;#FFFFFF&#8221; testimonial_text_font=&#8221;|300|||||||&#8221; testimonial_text_text_color=&#8221;#e8e8e8&#8243; readmore_font=&#8221;||||on|||#6d6d6d|&#8221; readmore_text_color=&#8221;#8c8c8c&#8221; review_popup_name_font=&#8221;||||||||&#8221; review_popup_name_text_color=&#8221;#FFFFFF&#8221; review_popup_name_font_size=&#8221;15px&#8221; review_popup_text_font=&#8221;|300|||||||&#8221; review_popup_text_text_color=&#8221;#FFFFFF&#8221; hover_enabled=&#8221;0&#8243; custom_css_before=&#8221;background: linear-gradient(90deg, #111111 5%, rgba(25,25,25,0) 75%);||content: %22%22;||width: 20%;||height: 100%;||z-index: 999;||position: absolute;||left: 0;||top: 0;&#8221; custom_css_after=&#8221;background: linear-gradient(270deg, #111111 5%, rgba(25,25,25,0) 75%);||content: %22%22;||width: 20%;||height: 100%;||z-index: 999;||position: absolute;||right: 0;||top: 0;&#8221; custom_css_free_form=&#8221;.dipi-testimonial-item::before {content: %22\u201c%22; color: #353535; font-size: 388px; position: absolute; top: 120px; right: 0; z-index: -1;}&#8221; global_module=&#8221;249047&#8243; saved_tabs=&#8221;all&#8221; locked=&#8221;off&#8221; global_colors_info=&#8221;{}&#8221; total_testimonial=&#8221;15&#8243; sticky_enabled=&#8221;0&#8243; orderby=&#8221;rand&#8221; pause_on_hover=&#8221;off&#8221;][\/dipi_testimonial][\/et_pb_column][\/et_pb_row][\/et_pb_section]<\/p>\n","protected":false},"excerpt":{"rendered":"<p>NAZYWAM SI\u0118KASIA M\u0118CIK Jestem trenerem personalnym i medycznym, instruktorem fitness oraz mi\u0119dzynarodowym instruktorem BODYART &amp; DEEPWORK. Moj\u0105 pasj\u0105 jest praca z lud\u017ami, kocham pomaga\u0107 ludziom osi\u0105ga\u0107 ich cele. Z wykszta\u0142cenia jestem r\u00f3wnie\u017c farmaceut\u0105, co przyczyni\u0142o si\u0119 do mojej pasji do odkrywania zdrowego stylu \u017cycia i rozs\u0105dnego od\u017cywiania. Moje motto: \u201eW Zdrowym Ciele Zdrowy Duch\u201d.Zapraszam do [&hellip;]<\/p>\n","protected":false},"author":1,"featured_media":0,"parent":0,"menu_order":0,"comment_status":"closed","ping_status":"closed","template":"","meta":{"_et_pb_use_builder":"on","_et_pb_old_content":"","_et_gb_content_width":"","footnotes":""},"dipi_cpt_category":[],"class_list":["post-248904","page","type-page","status-publish","hentry"],"_links":{"self":[{"href":"https:\/\/fitbykate.nl\/pl\/wp-json\/wp\/v2\/pages\/248904","targetHints":{"allow":["GET"]}}],"collection":[{"href":"https:\/\/fitbykate.nl\/pl\/wp-json\/wp\/v2\/pages"}],"about":[{"href":"https:\/\/fitbykate.nl\/pl\/wp-json\/wp\/v2\/types\/page"}],"author":[{"embeddable":true,"href":"https:\/\/fitbykate.nl\/pl\/wp-json\/wp\/v2\/users\/1"}],"replies":[{"embeddable":true,"href":"https:\/\/fitbykate.nl\/pl\/wp-json\/wp\/v2\/comments?post=248904"}],"version-history":[{"count":8,"href":"https:\/\/fitbykate.nl\/pl\/wp-json\/wp\/v2\/pages\/248904\/revisions"}],"predecessor-version":[{"id":249312,"href":"https:\/\/fitbykate.nl\/pl\/wp-json\/wp\/v2\/pages\/248904\/revisions\/249312"}],"wp:attachment":[{"href":"https:\/\/fitbykate.nl\/pl\/wp-json\/wp\/v2\/media?parent=248904"}],"wp:term":[{"taxonomy":"dipi_cpt_category","embeddable":true,"href":"https:\/\/fitbykate.nl\/pl\/wp-json\/wp\/v2\/dipi_cpt_category?post=248904"}],"curies":[{"name":"wp","href":"https:\/\/api.w.org\/{rel}","templated":true}]}}